{"id":81,"date":"2022-05-27T14:56:59","date_gmt":"2022-05-27T14:56:59","guid":{"rendered":"http:\/\/www.hospimedicacr.com\/colibri-wp\/"},"modified":"2026-02-11T17:03:19","modified_gmt":"2026-02-11T23:03:19","slug":"hospimedica-cr","status":"publish","type":"page","link":"https:\/\/www.hospimedicacr.com\/en_us\/","title":{"rendered":"Home"},"content":{"rendered":"<div data-colibri-id=\"81-c1\" class=\"style-190 style-local-81-c1 position-relative\">\n  <!---->\n  <div data-colibri-component=\"section\" data-colibri-id=\"81-c2\" id=\"custom\" class=\"h-section h-section-global-spacing d-flex align-items-lg-center align-items-md-center align-items-center style-345 style-local-81-c2 position-relative\">\n    <!---->\n    <!---->\n    <div class=\"h-section-grid-container h-section-fluid-container\">\n      <!---->\n      <div data-colibri-id=\"81-c3\" class=\"h-row-container gutters-row-lg-2 gutters-row-md-2 gutters-row-0 gutters-row-v-lg-2 gutters-row-v-md-2 gutters-row-v-2 style-346 style-local-81-c3 position-relative\">\n        <!---->\n        <div class=\"h-row justify-content-lg-center justify-content-md-center justify-content-center align-items-lg-center align-items-md-center align-items-center gutters-col-lg-2 gutters-col-md-2 gutters-col-0 gutters-col-v-lg-2 gutters-col-v-md-2 gutters-col-v-2\">\n          <!---->\n          <div class=\"h-column h-column-container d-flex h-col-lg-auto h-col-md-auto h-col-auto align-self-lg-center align-self-md-center align-self-center style-347-outer style-local-81-c4-outer\">\n            <div data-colibri-id=\"81-c4\" class=\"d-flex h-flex-basis h-column__inner h-px-lg-2 h-px-md-2 h-px-2 v-inner-lg-2 v-inner-md-2 v-inner-2 style-347 style-local-81-c4 position-relative\">\n              <!---->\n              <!---->\n              <div class=\"w-100 h-y-container h-column__content h-column__v-align flex-basis-100 align-self-lg-start align-self-md-start align-self-start\">\n                <!---->\n                <div data-colibri-id=\"81-c5\" class=\"h-global-transition-all h-heading style-692 style-local-81-c5 position-relative h-element\">\n                  <!---->\n                  <div class=\"h-heading__outer style-692 style-local-81-c5\">\n                    <!---->\n                    <!---->\n                    <h2 class=\"\">DO YOU NEED A QUOTATION?<\/h2>\n                  <\/div>\n                <\/div>\n              <\/div>\n            <\/div>\n          <\/div>\n        <\/div>\n      <\/div>\n      <div data-colibri-id=\"81-c6\" class=\"h-row-container gutters-row-lg-2 gutters-row-md-2 gutters-row-0 gutters-row-v-lg-2 gutters-row-v-md-2 gutters-row-v-2 style-693 style-local-81-c6 position-relative\">\n        <!---->\n        <div class=\"h-row justify-content-lg-center justify-content-md-center justify-content-center align-items-lg-stretch align-items-md-stretch align-items-stretch gutters-col-lg-2 gutters-col-md-2 gutters-col-0 gutters-col-v-lg-2 gutters-col-v-md-2 gutters-col-v-2\">\n          <!---->\n          <div class=\"h-column h-column-container d-flex h-col-lg-auto h-col-md-auto h-col-auto style-694-outer style-local-81-c7-outer\">\n            <div data-colibri-id=\"81-c7\" class=\"d-flex h-flex-basis h-column__inner h-px-lg-2 h-px-md-2 h-px-2 v-inner-lg-2 v-inner-md-2 v-inner-2 style-694 style-local-81-c7 position-relative\">\n              <!---->\n              <!---->\n              <div class=\"w-100 h-y-container h-column__content h-column__v-align flex-basis-100 align-self-lg-start align-self-md-start align-self-start\">\n                <!---->\n                <div data-colibri-id=\"81-c8\" class=\"h-global-transition-all h-heading style-691 style-local-81-c8 position-relative h-element\">\n                  <!---->\n                  <div class=\"h-heading__outer style-691 style-local-81-c8\">\n                    <!---->\n                    <!---->\n                    <h4 class=\"\">WE HAVE HEALTH SOLUTIONS FOR YOU<\/h4>\n                  <\/div>\n                <\/div>\n              <\/div>\n            <\/div>\n          <\/div>\n        <\/div>\n      <\/div>\n      <div data-colibri-id=\"81-c9\" class=\"h-row-container gutters-row-lg-2 gutters-row-md-2 gutters-row-0 gutters-row-v-lg-2 gutters-row-v-md-2 gutters-row-v-2 style-713 style-local-81-c9 position-relative\">\n        <!---->\n        <div class=\"h-row justify-content-lg-center justify-content-md-center justify-content-center align-items-lg-stretch align-items-md-stretch align-items-stretch gutters-col-lg-2 gutters-col-md-2 gutters-col-0 gutters-col-v-lg-2 gutters-col-v-md-2 gutters-col-v-2\">\n          <!---->\n          <div class=\"h-column h-column-container d-flex h-col-lg-auto h-col-md-auto h-col-auto style-714-outer style-local-81-c10-outer\">\n            <div data-colibri-id=\"81-c10\" class=\"d-flex h-flex-basis h-column__inner h-px-lg-2 h-px-md-2 h-px-2 v-inner-lg-2 v-inner-md-2 v-inner-2 style-714 style-local-81-c10 position-relative\">\n              <!---->\n              <!---->\n              <div class=\"w-100 h-y-container h-column__content h-column__v-align flex-basis-100 align-self-lg-start align-self-md-start align-self-start\">\n                <!---->\n                <div data-colibri-id=\"81-c11\" class=\"h-x-container style-695 style-local-81-c11 position-relative h-element\">\n                  <!---->\n                  <div class=\"h-x-container-inner style-dynamic-81-c11-group style-695-spacing style-local-81-c11-spacing\"><span class=\"h-button__outer style-696-outer style-local-81-c12-outer d-inline-flex h-element\"><a h-use-smooth-scroll=\"true\" href=\"http:\/\/www.hospimedicacr.com\/en_us\/cotizacion\/\"  data-colibri-id=\"81-c12\" class=\"d-flex w-100 align-items-center h-button justify-content-lg-center justify-content-md-center justify-content-center style-696 style-local-81-c12 position-relative\"><!----><!----> <span>QUOTATION<\/span><\/a>\n                    <\/span>\n                  <\/div>\n                <\/div>\n              <\/div>\n            <\/div>\n          <\/div>\n        <\/div>\n      <\/div>\n      <div data-colibri-id=\"81-c13\" class=\"h-row-container gutters-row-lg-0 gutters-row-md-0 gutters-row-0 gutters-row-v-lg-0 gutters-row-v-md-0 gutters-row-v-0 style-349 style-local-81-c13 position-relative\">\n        <!---->\n        <div class=\"h-row justify-content-lg-center justify-content-md-center justify-content-center align-items-lg-start align-items-md-start align-items-start gutters-col-lg-0 gutters-col-md-0 gutters-col-0 gutters-col-v-lg-0 gutters-col-v-md-0 gutters-col-v-0\">\n          <!---->\n          <div class=\"h-column h-column-container d-flex h-col-lg-auto h-col-md-auto h-col-auto align-self-lg-start align-self-md-start align-self-start style-350-outer style-local-81-c14-outer\">\n            <div data-colibri-id=\"81-c14\" class=\"d-flex h-flex-basis h-column__inner h-px-lg-0 h-px-md-0 h-px-0 v-inner-lg-0 v-inner-md-0 v-inner-0 style-350 style-local-81-c14 position-relative\">\n              <!---->\n              <!---->\n              <div class=\"w-100 h-y-container h-column__content h-column__v-align flex-basis-100 align-self-lg-start align-self-md-start align-self-start\">\n                <!---->\n                <div data-colibri-id=\"81-c15\" class=\"style-705 style-local-81-c15 position-relative h-element\">\n                  <!---->\n                <\/div>\n                <div data-colibri-id=\"81-c16\" class=\"h-global-transition-all h-heading style-704 style-local-81-c16 position-relative h-element\">\n                  <!---->\n                  <div class=\"h-heading__outer style-704 style-local-81-c16\">\n                    <!---->\n                    <!---->\n                    <h4 class=\"\">San Francisco de Dos R\u00edos, San Jos\u00e9, Costa Rica, 10106\n                      <br>Phone: (506) 2219-9434\n                      <br>Email: ventas@hospimedicacr.com<\/h4>\n                  <\/div>\n                <\/div>\n                <div data-colibri-id=\"81-c17\" class=\"style-359 style-local-81-c17 position-relative h-element\">\n                  <!---->\n                <\/div>\n                <div data-colibri-id=\"81-c18\" class=\"h-x-container style-715 style-local-81-c18 position-relative h-element\">\n                  <!---->\n                  <div class=\"h-x-container-inner style-dynamic-81-c18-group style-715-spacing style-local-81-c18-spacing\"><span class=\"h-link__outer style-716-outer style-local-81-c19-outer d-inline-flex h-element\"><a h-use-smooth-scroll=\"true\" href=\"https:\/\/buenaideacr.com\"  data-colibri-id=\"81-c19\" class=\"d-flex w-100 align-items-center h-link style-716 style-local-81-c19 position-relative\"><!----><!----> <span>Website created by: Buena Idea Marketing<\/span><\/a>\n                    <\/span>\n                  <\/div>\n                <\/div>\n                <div data-colibri-id=\"81-c20\" class=\"h-text h-text-component style-358 style-local-81-c20 position-relative h-element\">\n                  <!---->\n                  <!---->\n                  <div class=\"\">\n                    <p>\n                      <br>\n                    <\/p>\n                    <p>\u00a9 2018 &#8211; 2025, HOSPIM\u00c9DICA S.A.<\/p>\n                    <p>ALL RIGHTS RESERVED<\/p>\n                    <p>\n                      <br>\n                    <\/p>\n                    <p>\n                      <br>\n                    <\/p>\n                    <p>\n                      <br>\n                    <\/p>\n                    <p>&nbsp;<\/p>\n                    <p>\n                      <br>\n                    <\/p>\n                  <\/div>\n                <\/div>\n              <\/div>\n            <\/div>\n          <\/div>\n        <\/div>\n      <\/div>\n    <\/div>\n  <\/div>\n<\/div>","protected":false},"excerpt":{"rendered":"<p>\u00bfNecesita una Cotizaci\u00f3n? TENEMOS LAS SOLUCIONES PARA LA SALUD QUE NECESITA COTIZACI\u00d3N San Francisco de Dos R\u00edos, San Jos\u00e9, Costa Rica, 10106 Tel\u00e9fono: (506) 2219-9434 Email: ventas@hospimedicacr.com Sitio web creado por: Buena Idea Marketing \u00a9 2018 &#8211; 2025, HOSPIM\u00c9DICA S.A. DERECHOS RESERVADOS &nbsp;<\/p>","protected":false},"author":1,"featured_media":0,"parent":0,"menu_order":0,"comment_status":"closed","ping_status":"closed","template":"page-templates\/homepage.php","meta":{"slim_seo":{"description":"Somos Hospimedica Costa Rica - Pensamos en su Salud - San Jos\u00e9, Costa Rica, 10106. Tel\u00e9fono: (506) 2219-9434","title":"Hospimedica Costa Rica"},"footnotes":""},"class_list":["post-81","page","type-page","status-publish","hentry"],"_links":{"self":[{"href":"https:\/\/www.hospimedicacr.com\/en_us\/wp-json\/wp\/v2\/pages\/81","targetHints":{"allow":["GET"]}}],"collection":[{"href":"https:\/\/www.hospimedicacr.com\/en_us\/wp-json\/wp\/v2\/pages"}],"about":[{"href":"https:\/\/www.hospimedicacr.com\/en_us\/wp-json\/wp\/v2\/types\/page"}],"author":[{"embeddable":true,"href":"https:\/\/www.hospimedicacr.com\/en_us\/wp-json\/wp\/v2\/users\/1"}],"replies":[{"embeddable":true,"href":"https:\/\/www.hospimedicacr.com\/en_us\/wp-json\/wp\/v2\/comments?post=81"}],"version-history":[{"count":20,"href":"https:\/\/www.hospimedicacr.com\/en_us\/wp-json\/wp\/v2\/pages\/81\/revisions"}],"predecessor-version":[{"id":11037,"href":"https:\/\/www.hospimedicacr.com\/en_us\/wp-json\/wp\/v2\/pages\/81\/revisions\/11037"}],"wp:attachment":[{"href":"https:\/\/www.hospimedicacr.com\/en_us\/wp-json\/wp\/v2\/media?parent=81"}],"curies":[{"name":"wp","href":"https:\/\/api.w.org\/{rel}","templated":true}]}}