{"id":44,"date":"2022-05-27T14:20:23","date_gmt":"2022-05-27T14:20:23","guid":{"rendered":"http:\/\/www.hospimedicacr.com\/contact\/"},"modified":"2025-03-04T16:28:52","modified_gmt":"2025-03-04T22:28:52","slug":"contacto","status":"publish","type":"page","link":"https:\/\/www.hospimedicacr.com\/en_us\/contacto\/","title":{"rendered":"Contact"},"content":{"rendered":"<div data-colibri-id=\"44-c1\" class=\"style-600 style-local-44-c1 position-relative\">\n  <!---->\n  <div data-colibri-component=\"section\" data-colibri-id=\"44-c2\" id=\"initial-content\" class=\"h-section h-section-global-spacing d-flex align-items-lg-center align-items-md-center align-items-center style-601 style-local-44-c2 position-relative\">\n    <!---->\n    <!---->\n    <div class=\"h-section-grid-container h-section-boxed-container\">\n      <!---->\n      <div data-colibri-id=\"44-c3\" class=\"h-row-container gutters-row-lg-2 gutters-row-md-2 gutters-row-0 gutters-row-v-lg-2 gutters-row-v-md-2 gutters-row-v-2 style-602 style-local-44-c3 position-relative\">\n        <!---->\n        <div class=\"h-row justify-content-lg-center justify-content-md-center justify-content-center align-items-lg-stretch align-items-md-stretch align-items-stretch gutters-col-lg-2 gutters-col-md-2 gutters-col-0 gutters-col-v-lg-2 gutters-col-v-md-2 gutters-col-v-2\">\n          <!---->\n          <div class=\"h-column h-column-container d-flex h-col-lg-auto h-col-md-auto h-col-auto style-603-outer style-local-44-c4-outer\">\n            <div data-colibri-id=\"44-c4\" class=\"d-flex h-flex-basis h-column__inner h-px-lg-0 h-px-md-0 h-px-0 v-inner-lg-0 v-inner-md-0 v-inner-0 style-603 style-local-44-c4 position-relative\">\n              <!---->\n              <!---->\n              <div class=\"w-100 h-y-container h-column__content h-column__v-align flex-basis-100 align-self-lg-start align-self-md-start align-self-start\">\n                <!---->\n                <div data-colibri-id=\"44-c5\" class=\"h-global-transition-all h-heading style-605 style-local-44-c5 position-relative h-element\">\n                  <!---->\n                  <div class=\"h-heading__outer style-605 style-local-44-c5\">\n                    <!---->\n                    <!---->\n                    <h1 class=\"\">Cont\u00e1ctenos<\/h1>\n                  <\/div>\n                <\/div>\n              <\/div>\n            <\/div>\n          <\/div>\n        <\/div>\n      <\/div>\n      <div data-colibri-id=\"44-c6\" class=\"h-row-container gutters-row-lg-0 gutters-row-md-0 gutters-row-0 gutters-row-v-lg-0 gutters-row-v-md-0 gutters-row-v-0 style-606 style-local-44-c6 position-relative\">\n        <!---->\n        <div class=\"h-row justify-content-lg-center justify-content-md-center justify-content-center align-items-lg-stretch align-items-md-stretch align-items-stretch gutters-col-lg-0 gutters-col-md-0 gutters-col-0 gutters-col-v-lg-0 gutters-col-v-md-0 gutters-col-v-0\">\n          <!---->\n          <div class=\"h-column h-column-container d-flex h-col-lg h-col-md h-col-auto style-607-outer style-local-44-c7-outer\">\n            <div data-colibri-id=\"44-c7\" class=\"d-flex h-flex-basis h-column__inner h-px-lg-1 h-px-md-1 h-px-1 v-inner-lg-1 v-inner-md-1 v-inner-1 style-607 style-local-44-c7 position-relative\">\n              <!---->\n              <!---->\n              <div class=\"w-100 h-y-container h-column__content h-column__v-align flex-basis-100 align-self-lg-start align-self-md-start align-self-start\">\n                <!---->\n                <div data-colibri-id=\"44-c8\" class=\"h-global-transition-all h-heading style-609 style-local-44-c8 position-relative h-element\">\n                  <!---->\n                  <div class=\"h-heading__outer style-609 style-local-44-c8\">\n                    <!---->\n                    <!---->\n                    <h4 class=\"\">Env\u00edenos un correo electr\u00f3nico a: ventas@hospimedicacr.com o env\u00edenos un mensaje:<\/h4>\n                  <\/div>\n                <\/div>\n              <\/div>\n            <\/div>\n          <\/div>\n        <\/div>\n      <\/div>\n      <div data-colibri-id=\"44-c9\" class=\"h-row-container gutters-row-lg-2 gutters-row-md-2 gutters-row-0 gutters-row-v-lg-2 gutters-row-v-md-2 gutters-row-v-2 style-610 style-local-44-c9 position-relative\">\n        <!---->\n        <div class=\"h-row justify-content-lg-center justify-content-md-center justify-content-center align-items-lg-stretch align-items-md-stretch align-items-stretch gutters-col-lg-2 gutters-col-md-2 gutters-col-0 gutters-col-v-lg-2 gutters-col-v-md-2 gutters-col-v-2\">\n          <!---->\n          <div class=\"h-column h-column-container d-flex h-col-lg h-col-md-auto h-col-auto style-611-outer style-local-44-c10-outer\">\n            <div data-colibri-id=\"44-c10\" class=\"d-flex h-flex-basis h-column__inner h-px-lg-2 h-px-md-2 h-px-2 v-inner-lg-2 v-inner-md-2 v-inner-2 style-611 style-local-44-c10 position-relative\">\n              <!---->\n              <!---->\n              <div class=\"w-100 h-y-container h-column__content h-column__v-align flex-basis-100 align-self-lg-start align-self-md-start align-self-start\">\n                <!---->\n                <div data-colibri-id=\"44-c11\" class=\"position-relative h-element\">\n                  <!---->\n                  <div class=\"h-global-transition-all h-global-transition h-global-transition-all h-contact-form-shortcode--no-style\"><div class=\"everest-forms\"><div class=\"evf-container default\" id=\"evf-3069\"><form id=\"evf-form-3069\" class=\"everest-form\" data-formid=\"3069\" data-ajax_submission=\"0\" data-keyboard_friendly_form=\"0\" data-form_state_type=\"\" method=\"post\" enctype=\"multipart\/form-data\" action=\"\/en_us\/wp-json\/wp\/v2\/pages\/44\"><div class=\"evf-field-container\"><input type=\"hidden\" id=\"_wpnonce3069\" name=\"_wpnonce3069\" value=\"21953bda8f\" \/><input type=\"hidden\" name=\"_wp_http_referer\" value=\"\/en_us\/wp-json\/wp\/v2\/pages\/44\" \/><div class=\"evf-frontend-row\" data-row=\"row_1\" conditional_rules=\"[]\"><div class=\"evf-frontend-grid evf-grid-2\" data-grid=\"grid_1\"><div id=\"evf-3069-field_ZtfUOJAl69-1-container\" class=\"evf-field evf-field-first-name form-row validate-required\" data-required-field-message=\"Este campo es obligatorio.\" data-field-id=\"ZtfUOJAl69-1\"><label class=\"evf-field-label\" for=\"evf-3069-field_ZtfUOJAl69-1\"><span class=\"evf-label\">Nombre<\/span> <abbr class=\"required\" title=\"Required\">*<\/abbr><\/label><input type=\"text\" id=\"evf-3069-field_ZtfUOJAl69-1\" class=\"input-text\" name=\"everest_forms[form_fields][ZtfUOJAl69-1]\" required><\/div><div id=\"evf-3069-field_9O0dpYixwc-2-container\" class=\"evf-field evf-field-last-name form-row validate-required\" data-required-field-message=\"Este campo es obligatorio.\" data-field-id=\"9O0dpYixwc-2\"><label class=\"evf-field-label\" for=\"evf-3069-field_9O0dpYixwc-2\"><span class=\"evf-label\">Apellidos<\/span> <abbr class=\"required\" title=\"Required\">*<\/abbr><\/label><input type=\"text\" id=\"evf-3069-field_9O0dpYixwc-2\" class=\"input-text\" name=\"everest_forms[form_fields][9O0dpYixwc-2]\" required><\/div><div id=\"evf-3069-field_h83V81LidP-5-container\" class=\"evf-field evf-field-textarea form-row validate-required\" data-required-field-message=\"Este campo es obligatorio.\" data-field-id=\"h83V81LidP-5\"><label class=\"evf-field-label\" for=\"evf-3069-field_h83V81LidP-5\"><span class=\"evf-label\">Consulta o Comentario<\/span> <abbr class=\"required\" title=\"Required\">*<\/abbr><\/label><textarea id=\"evf-3069-field_h83V81LidP-5\" class=\"input-text\" name=\"everest_forms[form_fields][h83V81LidP-5]\" required ><\/textarea><\/div><\/div><div class=\"evf-frontend-grid evf-grid-2\" data-grid=\"grid_2\"><div id=\"evf-3069-field_7ffHU7vkM6-3-container\" class=\"evf-field evf-field-email form-row validate-required validate-email\" data-required-field-message=\"Por favor, introduce una direcci\u00f3n de correo electr\u00f3nico v\u00e1lida.\" data-field-id=\"7ffHU7vkM6-3\"><label class=\"evf-field-label\" for=\"evf-3069-field_7ffHU7vkM6-3\"><span class=\"evf-label\">Correo electr\u00f3nico<\/span> <abbr class=\"required\" title=\"Required\">*<\/abbr><\/label><input type=\"email\" id=\"evf-3069-field_7ffHU7vkM6-3\" class=\"input-text\" name=\"everest_forms[form_fields][7ffHU7vkM6-3]\" required ><\/div><div id=\"evf-3069-field_e9DlLkDhwB-4-container\" class=\"evf-field evf-field-number form-row validate-required\" data-required-field-message=\"Por favor, introduce un n\u00famero v\u00e1lido.\" data-field-id=\"e9DlLkDhwB-4\"><label class=\"evf-field-label\" for=\"evf-3069-field_e9DlLkDhwB-4\"><span class=\"evf-label\">N\u00famero<\/span> <abbr class=\"required\" title=\"Required\">*<\/abbr><\/label><input type=\"number\" id=\"evf-3069-field_e9DlLkDhwB-4\" class=\"input-text\" name=\"everest_forms[form_fields][e9DlLkDhwB-4]\" required\/><\/div><div id=\"evf-3069-field_4YIgS7PP4W-6-container\" class=\"evf-field evf-field-url form-row\" data-field-id=\"4YIgS7PP4W-6\"><label class=\"evf-field-label\" for=\"evf-3069-field_4YIgS7PP4W-6\"><span class=\"evf-label\">Web \/ URL<\/span> <\/label><input type=\"url\" id=\"evf-3069-field_4YIgS7PP4W-6\" class=\"input-text\" name=\"everest_forms[form_fields][4YIgS7PP4W-6]\"  ><\/div><div id=\"evf-3069-field_mYDs06UBYo-7-container\" class=\"evf-field evf-field-turnstile form-row\" data-field-id=\"mYDs06UBYo-7\"><label class=\"evf-field-label\" for=\"evf-3069-field_mYDs06UBYo-7\"><span class=\"evf-label\">Turnstile<\/span> <\/label><div class=\"evf-recaptcha-container\" style=\"display:block\"><div class=\"g-recaptcha\" data-sitekey=\"0x4AAAAAAA9UUcwVlJx77eOn\"><\/div><input type=\"text\" name=\"g-recaptcha-hidden\" class=\"evf-recaptcha-hidden\" style=\"position:absolute!important;clip:rect(0,0,0,0)!important;height:1px!important;width:1px!important;border:0!important;overflow:hidden!important;padding:0!important;margin:0!important;\" required><\/div><\/div><\/div><\/div><\/div><div class=\"evf-honeypot-container evf-field-hp\"><label for=\"evf-3069-field-hp\" class=\"evf-field-label\">Phone<\/label><input type=\"text\" name=\"everest_forms[hp]\" id=\"evf-3069-field-hp\" class=\"input-text\"><\/div><div class=\"evf-submit-container \" ><input type=\"hidden\" name=\"everest_forms[id]\" value=\"3069\"><input type=\"hidden\" name=\"everest_forms[author]\" value=\"1\"><button type='submit' name='everest_forms[submit]' class='everest-forms-submit-button button evf-submit ' id='evf-submit-3069' value='evf-submit' data-process-text=\"Procesando...\" conditional_rules='&quot;&quot;' conditional_id='evf-submit-3069'  id=\"evf-submit-3069\" aria-live=\"assertive\">Enviar<\/button><\/div><\/form><\/div><!-- .evf-container --><\/div><\/div>\n                <\/div>\n                <div data-colibri-id=\"44-c12\" class=\"h-divider style-1257 style-local-44-c12 position-relative h-element\">\n                  <!----><span class=\"h-divider__line style-1257-line style-local-44-c12-line style-1257-line style-local-44-c12-line\"><\/span><\/div>\n                <div data-colibri-id=\"44-c13\" class=\"h-global-transition-all h-heading style-1251 style-local-44-c13 position-relative h-element\">\n                  <!---->\n                  <div class=\"h-heading__outer style-1251 style-local-44-c13\">\n                    <!---->\n                    <!---->\n                    <h3 class=\"\">Si su correo est\u00e1 relacionado a solicitudes de empleo\n                      <br>por favor utilice el bot\u00f3n \u00abAplique Aqu\u00ed\u00bb a continuaci\u00f3n:<\/h3>\n                  <\/div>\n                <\/div>\n              <\/div>\n            <\/div>\n          <\/div>\n        <\/div>\n      <\/div>\n      <div data-colibri-id=\"44-c14\" class=\"h-row-container gutters-row-lg-0 gutters-row-md-0 gutters-row-0 gutters-row-v-lg-0 gutters-row-v-md-0 gutters-row-v-0 style-1252 style-local-44-c14 position-relative\">\n        <!---->\n        <div class=\"h-row justify-content-lg-center justify-content-md-center justify-content-center align-items-lg-stretch align-items-md-stretch align-items-stretch gutters-col-lg-0 gutters-col-md-0 gutters-col-0 gutters-col-v-lg-0 gutters-col-v-md-0 gutters-col-v-0\">\n          <!---->\n          <div class=\"h-column h-column-container d-flex h-col-lg-auto h-col-md-auto h-col-auto style-1253-outer style-local-44-c15-outer\">\n            <div data-colibri-id=\"44-c15\" class=\"d-flex h-flex-basis h-column__inner h-px-lg-1 h-px-md-1 h-px-1 v-inner-lg-1 v-inner-md-1 v-inner-1 style-1253 style-local-44-c15 position-relative\">\n              <!---->\n              <!---->\n              <div class=\"w-100 h-y-container h-column__content h-column__v-align flex-basis-100 align-self-lg-start align-self-md-start align-self-start\">\n                <!---->\n                <div data-colibri-id=\"44-c16\" class=\"h-x-container style-1254 style-local-44-c16 position-relative h-element\">\n                  <!---->\n                  <div class=\"h-x-container-inner style-dynamic-44-c16-group style-1254-spacing style-local-44-c16-spacing\"><span class=\"h-button__outer style-1255-outer style-local-44-c17-outer d-inline-flex h-element\"><a h-use-smooth-scroll=\"true\" href=\"https:\/\/www.hospimedicacr.com\/Formulario-de-empleo\"  data-colibri-id=\"44-c17\" class=\"d-flex w-100 align-items-center h-button justify-content-lg-center justify-content-md-center justify-content-center style-1255 style-local-44-c17 position-relative\"><!----><!----> <span>Aplique Aqu\u00ed<\/span><\/a>\n                    <\/span>\n                  <\/div>\n                <\/div>\n              <\/div>\n            <\/div>\n          <\/div>\n        <\/div>\n      <\/div>\n    <\/div>\n  <\/div>\n  <div data-colibri-component=\"section\" data-colibri-id=\"44-c18\" id=\"custom\" class=\"h-section h-section-global-spacing d-flex align-items-lg-center align-items-md-center align-items-center style-1057 style-local-44-c18 position-relative\">\n    <!---->\n    <!---->\n    <div class=\"h-section-grid-container h-section-boxed-container\">\n      <!---->\n      <div data-colibri-id=\"44-c19\" class=\"h-row-container gutters-row-lg-2 gutters-row-md-2 gutters-row-0 gutters-row-v-lg-2 gutters-row-v-md-2 gutters-row-v-2 style-1058 style-local-44-c19 position-relative\">\n        <!---->\n        <div class=\"h-row justify-content-lg-center justify-content-md-center justify-content-center align-items-lg-stretch align-items-md-stretch align-items-stretch gutters-col-lg-2 gutters-col-md-2 gutters-col-0 gutters-col-v-lg-2 gutters-col-v-md-2 gutters-col-v-2\">\n          <!---->\n          <div class=\"h-column h-column-container d-flex h-col-lg-auto h-col-md-auto h-col-auto style-1059-outer style-local-44-c20-outer\">\n            <div data-colibri-id=\"44-c20\" class=\"d-flex h-flex-basis h-column__inner h-px-lg-2 h-px-md-2 h-px-2 v-inner-lg-2 v-inner-md-2 v-inner-2 style-1059 style-local-44-c20 position-relative\">\n              <!---->\n              <!---->\n              <div class=\"w-100 h-y-container h-column__content h-column__v-align flex-basis-100 align-self-lg-start align-self-md-start align-self-start\">\n                <!---->\n                <div data-colibri-id=\"44-c21\" class=\"h-global-transition-all h-heading style-1060 style-local-44-c21 position-relative h-element\">\n                  <!---->\n                  <div class=\"h-heading__outer style-1060 style-local-44-c21\">\n                    <!---->\n                    <!---->\n                    <h4 class=\"\">San Francisco de Dos R\u00edos, San Jos\u00e9, Costa Rica, 10106\n                      <br>Tel\u00e9fono: (506) 2219-9434\n                      <br>Email: ventas@hospimedicacr.com<\/h4>\n                  <\/div>\n                <\/div>\n              <\/div>\n            <\/div>\n          <\/div>\n        <\/div>\n      <\/div>\n      <div data-colibri-id=\"44-c22\" class=\"h-row-container gutters-row-lg-2 gutters-row-md-2 gutters-row-0 gutters-row-v-lg-2 gutters-row-v-md-2 gutters-row-v-2 style-1061 style-local-44-c22 position-relative\">\n        <!---->\n        <div class=\"h-row justify-content-lg-center justify-content-md-center justify-content-center align-items-lg-stretch align-items-md-stretch align-items-stretch gutters-col-lg-2 gutters-col-md-2 gutters-col-0 gutters-col-v-lg-2 gutters-col-v-md-2 gutters-col-v-2\">\n          <!---->\n          <div class=\"h-column h-column-container d-flex h-col-lg-auto h-col-md-auto h-col-auto style-1062-outer style-local-44-c23-outer\">\n            <div data-colibri-id=\"44-c23\" class=\"d-flex h-flex-basis h-column__inner h-px-lg-2 h-px-md-2 h-px-2 v-inner-lg-2 v-inner-md-2 v-inner-2 style-1062 style-local-44-c23 position-relative\">\n              <!---->\n              <!---->\n              <div class=\"w-100 h-y-container h-column__content h-column__v-align flex-basis-100 align-self-lg-start align-self-md-start align-self-start\">\n                <!---->\n                <div data-colibri-id=\"44-c24\" class=\"h-text h-text-component style-1063 style-local-44-c24 position-relative h-element\">\n                  <!---->\n                  <!---->\n                  <div class=\"\">\n                    <p>\u00a9 2018 \u2013 2025, HOSPIM\u00c9DICA S.A.<\/p>\n                    <p>DERECHOS RESERVADOS<\/p>\n                    <p>\n                      <br>\n                    <\/p>\n                  <\/div>\n                <\/div>\n              <\/div>\n            <\/div>\n          <\/div>\n        <\/div>\n      <\/div>\n    <\/div>\n  <\/div>\n<\/div>","protected":false},"excerpt":{"rendered":"<p>Cont\u00e1ctenos Env\u00edenos un correo electr\u00f3nico a: ventas@hospimedicacr.com o env\u00edenos un mensaje: Si su correo est\u00e1 relacionado a solicitudes de empleo por favor utilice el bot\u00f3n \u00abAplique Aqu\u00ed\u00bb a continuaci\u00f3n: Aplique Aqu\u00ed San Francisco de Dos R\u00edos, San Jos\u00e9, Costa Rica, 10106 Tel\u00e9fono: (506) 2219-9434 Email: ventas@hospimedicacr.com \u00a9 2018 \u2013 2025, HOSPIM\u00c9DICA S.A. DERECHOS RESERVADOS<\/p>","protected":false},"author":1,"featured_media":0,"parent":0,"menu_order":0,"comment_status":"closed","ping_status":"closed","template":"page-templates\/full-width-page.php","meta":{"slim_seo":{"title":"Contacto - Hospimedica Costa Rica","description":"Cont\u00e1ctenos Env\u00edenos un correo electr\u00f3nico a: ventas@hospimedicacr.com o env\u00edenos un mensaje: Nombre * Apellidos * Consulta o Comentario * Correo electr\u00f3nico *"},"footnotes":""},"class_list":["post-44","page","type-page","status-publish","hentry"],"_links":{"self":[{"href":"https:\/\/www.hospimedicacr.com\/en_us\/wp-json\/wp\/v2\/pages\/44","targetHints":{"allow":["GET"]}}],"collection":[{"href":"https:\/\/www.hospimedicacr.com\/en_us\/wp-json\/wp\/v2\/pages"}],"about":[{"href":"https:\/\/www.hospimedicacr.com\/en_us\/wp-json\/wp\/v2\/types\/page"}],"author":[{"embeddable":true,"href":"https:\/\/www.hospimedicacr.com\/en_us\/wp-json\/wp\/v2\/users\/1"}],"replies":[{"embeddable":true,"href":"https:\/\/www.hospimedicacr.com\/en_us\/wp-json\/wp\/v2\/comments?post=44"}],"version-history":[{"count":16,"href":"https:\/\/www.hospimedicacr.com\/en_us\/wp-json\/wp\/v2\/pages\/44\/revisions"}],"predecessor-version":[{"id":3299,"href":"https:\/\/www.hospimedicacr.com\/en_us\/wp-json\/wp\/v2\/pages\/44\/revisions\/3299"}],"wp:attachment":[{"href":"https:\/\/www.hospimedicacr.com\/en_us\/wp-json\/wp\/v2\/media?parent=44"}],"curies":[{"name":"wp","href":"https:\/\/api.w.org\/{rel}","templated":true}]}}