{"id":2853,"date":"2025-02-17T17:55:39","date_gmt":"2025-02-17T23:55:39","guid":{"rendered":"https:\/\/www.hospimedicacr.com\/?page_id=2853"},"modified":"2025-02-26T12:57:37","modified_gmt":"2025-02-26T18:57:37","slug":"formulario-de-empleo","status":"publish","type":"page","link":"https:\/\/www.hospimedicacr.com\/en_us\/formulario-de-empleo\/","title":{"rendered":"Employment Form"},"content":{"rendered":"<div data-colibri-id=\"2853-c1\" class=\"style-1202 style-local-2853-c1 position-relative\">\r\n  <!---->\r\n  <div data-colibri-component=\"section\" data-colibri-id=\"2853-c2\" id=\"custom\" class=\"h-section h-section-global-spacing d-flex align-items-lg-center align-items-md-center align-items-center style-1203 style-local-2853-c2 position-relative\">\r\n    <!---->\r\n    <!---->\r\n    <div class=\"h-section-grid-container h-section-boxed-container\">\r\n      <!---->\r\n      <div data-colibri-id=\"2853-c3\" class=\"h-row-container gutters-row-lg-2 gutters-row-md-2 gutters-row-0 gutters-row-v-lg-2 gutters-row-v-md-2 gutters-row-v-2 style-1206 style-local-2853-c3 position-relative\">\r\n        <!---->\r\n        <div class=\"h-row justify-content-lg-center justify-content-md-center justify-content-center align-items-lg-stretch align-items-md-stretch align-items-stretch gutters-col-lg-2 gutters-col-md-2 gutters-col-0 gutters-col-v-lg-2 gutters-col-v-md-2 gutters-col-v-2\">\r\n          <!---->\r\n          <div class=\"h-column h-column-container d-flex h-col-lg-auto h-col-md-auto h-col-auto style-1207-outer style-local-2853-c4-outer\">\r\n            <div data-colibri-id=\"2853-c4\" class=\"d-flex h-flex-basis h-column__inner h-px-lg-2 h-px-md-2 h-px-2 v-inner-lg-2 v-inner-md-2 v-inner-2 style-1207 style-local-2853-c4 position-relative\">\r\n              <!---->\r\n              <!---->\r\n              <div class=\"w-100 h-y-container h-column__content h-column__v-align flex-basis-100 align-self-lg-start align-self-md-start align-self-start\">\r\n                <!---->\r\n                <div data-colibri-id=\"2853-c5\" class=\"h-global-transition-all h-heading style-1208 style-local-2853-c5 position-relative h-element\">\r\n                  <!---->\r\n                  <div class=\"h-heading__outer style-1208 style-local-2853-c5\">\r\n                    <!---->\r\n                    <!---->\r\n                    <h1 class=\"\">Formulario de Empleo<\/h1>\r\n                  <\/div>\r\n                <\/div>\r\n              <\/div>\r\n            <\/div>\r\n          <\/div>\r\n        <\/div>\r\n      <\/div>\r\n      <div data-colibri-id=\"2853-c6\" class=\"h-row-container gutters-row-lg-2 gutters-row-md-2 gutters-row-0 gutters-row-v-lg-2 gutters-row-v-md-2 gutters-row-v-2 style-1218 style-local-2853-c6 position-relative\">\r\n        <!---->\r\n        <div class=\"h-row justify-content-lg-center justify-content-md-center justify-content-center align-items-lg-stretch align-items-md-stretch align-items-stretch gutters-col-lg-2 gutters-col-md-2 gutters-col-0 gutters-col-v-lg-2 gutters-col-v-md-2 gutters-col-v-2\">\r\n          <!---->\r\n          <div class=\"h-column h-column-container d-flex h-col-lg-auto h-col-md-auto h-col-auto style-1219-outer style-local-2853-c7-outer\">\r\n            <div data-colibri-id=\"2853-c7\" class=\"d-flex h-flex-basis h-column__inner h-px-lg-2 h-px-md-2 h-px-2 v-inner-lg-2 v-inner-md-2 v-inner-2 style-1219 style-local-2853-c7 position-relative\">\r\n              <!---->\r\n              <!---->\r\n              <div class=\"w-100 h-y-container h-column__content h-column__v-align flex-basis-100 align-self-lg-start align-self-md-start align-self-start\">\r\n                <!---->\r\n                <div data-colibri-id=\"2853-c8\" class=\"h-global-transition-all h-heading style-1217 style-local-2853-c8 position-relative h-element\">\r\n                  <!---->\r\n                  <div class=\"h-heading__outer style-1217 style-local-2853-c8\">\r\n                    <!---->\r\n                    <!---->\r\n                    <h2 class=\"\">Aplica al empleo completando el siguiente formulario:<\/h2>\r\n                  <\/div>\r\n                <\/div>\r\n              <\/div>\r\n            <\/div>\r\n          <\/div>\r\n        <\/div>\r\n      <\/div>\r\n      <div data-colibri-id=\"2853-c9\" class=\"h-row-container gutters-row-lg-2 gutters-row-md-2 gutters-row-0 gutters-row-v-lg-2 gutters-row-v-md-2 gutters-row-v-2 style-1209 style-local-2853-c9 position-relative\">\r\n        <!---->\r\n        <div class=\"h-row justify-content-lg-center justify-content-md-center justify-content-center align-items-lg-stretch align-items-md-stretch align-items-stretch gutters-col-lg-2 gutters-col-md-2 gutters-col-0 gutters-col-v-lg-2 gutters-col-v-md-2 gutters-col-v-2\">\r\n          <!---->\r\n          <div class=\"h-column h-column-container d-flex h-col-lg-auto h-col-md-auto h-col-auto style-1210-outer style-local-2853-c10-outer\">\r\n            <div data-colibri-id=\"2853-c10\" class=\"d-flex h-flex-basis h-column__inner h-px-lg-2 h-px-md-2 h-px-2 v-inner-lg-2 v-inner-md-2 v-inner-2 style-1210 style-local-2853-c10 position-relative\">\r\n              <!---->\r\n              <!---->\r\n              <div class=\"w-100 h-y-container h-column__content h-column__v-align flex-basis-100 align-self-lg-start align-self-md-start align-self-start\">\r\n                <!---->\r\n                <div data-colibri-id=\"2853-c11\" class=\"h-text h-text-component style-1211 style-local-2853-c11 position-relative h-element\">\r\n                  <!---->\r\n                  <!---->\r\n                  <div class=\"\">\r\n                    <p>No olvide adjuntar su Curriculum en formato PDF, con un peso m\u00e1ximo de 10mb.<\/p>\r\n                  <\/div>\r\n                <\/div>\r\n              <\/div>\r\n            <\/div>\r\n          <\/div>\r\n        <\/div>\r\n      <\/div>\r\n      <div data-colibri-id=\"2853-c12\" class=\"h-row-container gutters-row-lg-2 gutters-row-md-2 gutters-row-0 gutters-row-v-lg-2 gutters-row-v-md-2 gutters-row-v-2 style-1204 style-local-2853-c12 position-relative\">\r\n        <!---->\r\n        <div class=\"h-row justify-content-lg-center justify-content-md-center justify-content-center align-items-lg-stretch align-items-md-stretch align-items-stretch gutters-col-lg-2 gutters-col-md-2 gutters-col-0 gutters-col-v-lg-2 gutters-col-v-md-2 gutters-col-v-2\">\r\n          <!---->\r\n          <div class=\"h-column h-column-container d-flex h-col-lg-auto h-col-md-auto h-col-auto style-1205-outer style-local-2853-c13-outer\">\r\n            <div data-colibri-id=\"2853-c13\" class=\"d-flex h-flex-basis h-column__inner h-px-lg-2 h-px-md-2 h-px-2 v-inner-lg-2 v-inner-md-2 v-inner-2 style-1205 style-local-2853-c13 position-relative\">\r\n              <!---->\r\n              <!---->\r\n              <div class=\"w-100 h-y-container h-column__content h-column__v-align flex-basis-100 align-self-lg-start align-self-md-start align-self-start\">\r\n                <!---->\r\n                <div data-colibri-id=\"2853-c14\" class=\"h-text h-text-component style-1220 style-local-2853-c14 position-relative h-element\">\r\n                  <!---->\r\n                  <!---->\r\n                  <div class=\"\">\r\n                    <div class=\"everest-forms\"><div class=\"evf-container default\" id=\"evf-2879\"><form id=\"evf-form-2879\" class=\"everest-form\" data-formid=\"2879\" data-ajax_submission=\"0\" data-keyboard_friendly_form=\"0\" data-form_state_type=\"\" method=\"post\" enctype=\"multipart\/form-data\" action=\"\/en_us\/wp-json\/wp\/v2\/pages\/2853\"><div class=\"evf-field-container\"><input type=\"hidden\" id=\"_wpnonce2879\" name=\"_wpnonce2879\" value=\"21953bda8f\" \/><input type=\"hidden\" name=\"_wp_http_referer\" value=\"\/en_us\/wp-json\/wp\/v2\/pages\/2853\" \/><div class=\"evf-frontend-row\" data-row=\"row_1\" conditional_rules=\"[]\"><div class=\"evf-frontend-grid evf-grid-2\" data-grid=\"grid_1\"><div id=\"evf-2879-field_PgyDcxzpqO-6-container\" class=\"evf-field evf-field-first-name form-row validate-required\" data-required-field-message=\"Este campo es obligatorio.\" data-field-id=\"PgyDcxzpqO-6\"><label class=\"evf-field-label\" for=\"evf-2879-field_PgyDcxzpqO-6\"><span class=\"evf-label\">Nombre<\/span> <abbr class=\"required\" title=\"Required\">*<\/abbr><\/label><input type=\"text\" id=\"evf-2879-field_PgyDcxzpqO-6\" class=\"input-text\" name=\"everest_forms[form_fields][PgyDcxzpqO-6]\" required><\/div><div id=\"evf-2879-field_yJi1zjKhOo-7-container\" class=\"evf-field evf-field-last-name form-row validate-required\" data-required-field-message=\"Este campo es obligatorio.\" data-field-id=\"yJi1zjKhOo-7\"><label class=\"evf-field-label\" for=\"evf-2879-field_yJi1zjKhOo-7\"><span class=\"evf-label\">Apellidos<\/span> <abbr class=\"required\" title=\"Required\">*<\/abbr><\/label><input type=\"text\" id=\"evf-2879-field_yJi1zjKhOo-7\" class=\"input-text\" name=\"everest_forms[form_fields][yJi1zjKhOo-7]\" required><\/div><div id=\"evf-2879-field_o8tYyhD1uh-8-container\" class=\"evf-field evf-field-email form-row validate-required validate-email\" data-required-field-message=\"Por favor, introduce una direcci\u00f3n de correo electr\u00f3nico v\u00e1lida.\" data-field-id=\"o8tYyhD1uh-8\"><label class=\"evf-field-label\" for=\"evf-2879-field_o8tYyhD1uh-8\"><span class=\"evf-label\">Correo electr\u00f3nico<\/span> <abbr class=\"required\" title=\"Required\">*<\/abbr><\/label><input type=\"email\" id=\"evf-2879-field_o8tYyhD1uh-8\" class=\"input-text\" name=\"everest_forms[form_fields][o8tYyhD1uh-8]\" required ><\/div><div id=\"evf-2879-field_YuAdYQiJmN-9-container\" class=\"evf-field evf-field-number form-row validate-required\" data-required-field-message=\"Por favor, introduce un n\u00famero v\u00e1lido.\" data-field-id=\"YuAdYQiJmN-9\"><label class=\"evf-field-label\" for=\"evf-2879-field_YuAdYQiJmN-9\"><span class=\"evf-label\">N\u00famero de Tel\u00e9fono \/ Celular<\/span> <abbr class=\"required\" title=\"Required\">*<\/abbr><\/label><input type=\"number\" id=\"evf-2879-field_YuAdYQiJmN-9\" class=\"input-text\" name=\"everest_forms[form_fields][YuAdYQiJmN-9]\" required\/><\/div><div id=\"evf-2879-field_kYYTGLVGF4-16-container\" class=\"evf-field evf-field-text form-row validate-required\" data-required-field-message=\"Este campo es obligatorio.\" data-field-id=\"kYYTGLVGF4-16\"><label class=\"evf-field-label\" for=\"evf-2879-field_kYYTGLVGF4-16\"><span class=\"evf-label\">Puesto de Trabajo al que aplica<\/span> <abbr class=\"required\" title=\"Required\">*<\/abbr><\/label><input type=\"text\" id=\"evf-2879-field_kYYTGLVGF4-16\" class=\"input-text\" name=\"everest_forms[form_fields][kYYTGLVGF4-16]\" required><\/div><\/div><div class=\"evf-frontend-grid evf-grid-2\" data-grid=\"grid_2\"><div id=\"evf-2879-field_o6DggwvvBZ-10-container\" class=\"evf-field evf-field-file-upload form-row validate-required\" data-required-field-message=\"Este campo es obligatorio.\" data-field-id=\"o6DggwvvBZ-10\"><label class=\"evf-field-label\" for=\"evf-2879-field_o6DggwvvBZ-10\"><span class=\"evf-label\">Subir Curriculum<\/span> <abbr class=\"required\" title=\"Required\">*<\/abbr><\/label>\t\t<div class=\"everest-forms-uploader\"\n\t\t\tdata-field-id=\"o6DggwvvBZ-10\"\n\t\t\tdata-form-id=\"2879\"\n\t\t\tdata-input-name=\"everest_forms_2879_o6DggwvvBZ-10\"\n\t\t\tdata-extensions=\"jpg,jpeg,jpe,gif,png,bmp,tiff,tif,webp,avif,ico,heic,heif,heics,heifs,asf,asx,wmv,wmx,wm,avi,divx,mov,qt,mpeg,mpg,mpe,mp4,m4v,ogv,webm,mkv,3gp,3gpp,3g2,3gp2,txt,asc,c,cc,h,srt,csv,tsv,ics,rtx,css,html,vtt,dfxp,mp3,m4a,m4b,aac,ra,ram,wav,x-wav,ogg,oga,flac,mid,midi,wma,wax,mka,rtf,pdf,class,tar,zip,gz,gzip,rar,7z,psd,xcf,doc,pot,pps,ppt,wri,xla,xls,xlt,xlw,mpp,docx,docm,dotx,dotm,xlsx,xlsm,xlsb,xltx,xltm,xlam,pptx,pptm,ppsx,ppsm,potx,potm,ppam,sldx,sldm,onetoc,onetoc2,onetmp,onepkg,oxps,xps,odt,odp,ods,odg,odc,odb,odf,wp,wpd,key,numbers,pages\"\n\t\t\tdata-max-size=\"67108864\"\n\t\t\tdata-max-file-number=\"1\"\n\t\t\tdata-post-max-size=\"67108864\"\n\t\t\tdata-current-file-count=\"0\"\n\t\t\t>\n\t\t\t<div class=\"dz-message\">\n\t\t\t\t<svg xmlns=\"http:\/\/www.w3.org\/2000\/svg\" viewBox=\"0 0 32 32\" width=\"32px\" height=\"32px\" fill=\"#868e96\"><path class=\"cls-1\" d=\"M18.12,17.52,17,16.4V25a1,1,0,0,1-2,0V16.4l-1.12,1.12a1,1,0,0,1-1.42,0,1,1,0,0,1,0-1.41l2.83-2.83a1,1,0,0,1,1.42,0l2.83,2.83a1,1,0,0,1-.71,1.7A1,1,0,0,1,18.12,17.52ZM22,22H20a1,1,0,0,1,0-2h2a4,4,0,0,0,.27-8,1,1,0,0,1-.84-.57,6,6,0,0,0-11.36,1.69,1,1,0,0,1-1,.86H9A3,3,0,0,0,9,20h3a1,1,0,0,1,0,2H9a5,5,0,0,1-.75-9.94A8,8,0,0,1,23,10.1,6,6,0,0,1,22,22Z\"\/><\/svg>\n\t\t\t\t<span class=\"everest-forms-upload-title\">\n\t\t\t\t\tAdjunte su Curriculum en formato PDF aqu\u00ed\t\t\t\t<\/span>\n\n\t\t\t\t\t\t\t\t\t<span class=\"everest-forms-upload-hint\">\n\t\t\t\t\t\tSolo puede subir 1 archivo\t\t\t\t\t<\/span>\n\t\t\t\t\t\t\t<\/div>\n\t\t\t\t\t<\/div>\n\t\t<input type=\"text\" class=\"dropzone-input input-text\" id=\"everest-forms-2879-field_o6DggwvvBZ-10\" name=\"everest_forms_2879_o6DggwvvBZ-10\" required conditional_id=\"\" conditional_rules=''>\n\t\t<div class=\"evf-field-description\">Adjunte su Curriculum en formato PDF \u00fanicamente<\/div><\/div><div id=\"evf-2879-field_U7KutzN8eY-14-container\" class=\"evf-field evf-field-textarea form-row\" data-field-id=\"U7KutzN8eY-14\"><label class=\"evf-field-label\" for=\"evf-2879-field_U7KutzN8eY-14\"><span class=\"evf-label\">Comentario o Mensaje adicional<\/span> <\/label><textarea id=\"evf-2879-field_U7KutzN8eY-14\" class=\"input-text\" name=\"everest_forms[form_fields][U7KutzN8eY-14]\"  ><\/textarea><\/div><div id=\"evf-2879-field_q8iAjEWeqV-15-container\" class=\"evf-field evf-field-turnstile form-row\" data-field-id=\"q8iAjEWeqV-15\"><label class=\"evf-field-label\" for=\"evf-2879-field_q8iAjEWeqV-15\"><span class=\"evf-label\">Turnstile<\/span> <\/label><div class=\"evf-recaptcha-container\" style=\"display:block\"><div class=\"g-recaptcha\" data-sitekey=\"0x4AAAAAAA9UUcwVlJx77eOn\"><\/div><input type=\"text\" name=\"g-recaptcha-hidden\" class=\"evf-recaptcha-hidden\" style=\"position:absolute!important;clip:rect(0,0,0,0)!important;height:1px!important;width:1px!important;border:0!important;overflow:hidden!important;padding:0!important;margin:0!important;\" required><\/div><\/div><\/div><\/div><\/div><div class=\"evf-honeypot-container evf-field-hp\"><label for=\"evf-2879-field-hp\" class=\"evf-field-label\">Website<\/label><input type=\"text\" name=\"everest_forms[hp]\" id=\"evf-2879-field-hp\" class=\"input-text\"><\/div><div class=\"evf-submit-container \" ><input type=\"hidden\" name=\"everest_forms[id]\" value=\"2879\"><input type=\"hidden\" name=\"everest_forms[author]\" value=\"1\"><button type='submit' name='everest_forms[submit]' class='everest-forms-submit-button button evf-submit ' id='evf-submit-2879' value='evf-submit' data-process-text=\"Procesando...\" conditional_rules='&quot;&quot;' conditional_id='evf-submit-2879'  id=\"evf-submit-2879\" aria-live=\"assertive\">Enviar<\/button><\/div><\/form><\/div><!-- .evf-container --><\/div>\r\n                  <\/div>\r\n                <\/div>\r\n              <\/div>\r\n            <\/div>\r\n          <\/div>\r\n        <\/div>\r\n      <\/div>\r\n    <\/div>\r\n  <\/div>\r\n<\/div>","protected":false},"excerpt":{"rendered":"<p>Formulario de Empleo Aplica al empleo completando el siguiente formulario: No olvide adjuntar su Curriculum en formato PDF, con un peso m\u00e1ximo de 10mb.<\/p>","protected":false},"author":1,"featured_media":0,"parent":0,"menu_order":0,"comment_status":"closed","ping_status":"closed","template":"page-templates\/full-width-page.php","meta":{"slim_seo":{"title":"Formulario de Empleo - Hospimedica Costa Rica","description":"Formulario de Empleo Aplica al empleo completando el siguiente formulario: No olvide adjuntar su Curriculum en formato PDF, con un peso m\u00e1ximo de 10mb. Nombre *"},"footnotes":""},"class_list":["post-2853","page","type-page","status-publish","hentry"],"_links":{"self":[{"href":"https:\/\/www.hospimedicacr.com\/en_us\/wp-json\/wp\/v2\/pages\/2853","targetHints":{"allow":["GET"]}}],"collection":[{"href":"https:\/\/www.hospimedicacr.com\/en_us\/wp-json\/wp\/v2\/pages"}],"about":[{"href":"https:\/\/www.hospimedicacr.com\/en_us\/wp-json\/wp\/v2\/types\/page"}],"author":[{"embeddable":true,"href":"https:\/\/www.hospimedicacr.com\/en_us\/wp-json\/wp\/v2\/users\/1"}],"replies":[{"embeddable":true,"href":"https:\/\/www.hospimedicacr.com\/en_us\/wp-json\/wp\/v2\/comments?post=2853"}],"version-history":[{"count":4,"href":"https:\/\/www.hospimedicacr.com\/en_us\/wp-json\/wp\/v2\/pages\/2853\/revisions"}],"predecessor-version":[{"id":2916,"href":"https:\/\/www.hospimedicacr.com\/en_us\/wp-json\/wp\/v2\/pages\/2853\/revisions\/2916"}],"wp:attachment":[{"href":"https:\/\/www.hospimedicacr.com\/en_us\/wp-json\/wp\/v2\/media?parent=2853"}],"curies":[{"name":"wp","href":"https:\/\/api.w.org\/{rel}","templated":true}]}}