{"id":2729,"date":"2025-02-17T16:55:31","date_gmt":"2025-02-17T22:55:31","guid":{"rendered":"https:\/\/www.hospimedicacr.com\/?page_id=2729"},"modified":"2025-03-20T10:09:37","modified_gmt":"2025-03-20T16:09:37","slug":"trabaje-con-nosotros","status":"publish","type":"page","link":"https:\/\/www.hospimedicacr.com\/en_us\/trabaje-con-nosotros\/","title":{"rendered":"Work with Us"},"content":{"rendered":"<div data-colibri-id=\"2729-c1\" class=\"style-1193 style-local-2729-c1 position-relative\">\n  <!---->\n  <div data-colibri-component=\"section\" data-colibri-id=\"2729-c2\" id=\"custom\" class=\"h-section h-section-global-spacing d-flex align-items-lg-center align-items-md-center align-items-center style-1221 style-local-2729-c2 position-relative\">\n    <!---->\n    <!---->\n    <div class=\"h-section-grid-container h-section-boxed-container\">\n      <!---->\n      <div data-colibri-id=\"2729-c3\" class=\"h-row-container gutters-row-lg-0 gutters-row-md-0 gutters-row-0 gutters-row-v-lg-0 gutters-row-v-md-0 gutters-row-v-0 style-1224 style-local-2729-c3 position-relative\">\n        <!---->\n        <div class=\"h-row justify-content-lg-center justify-content-md-center justify-content-center align-items-lg-stretch align-items-md-stretch align-items-stretch gutters-col-lg-0 gutters-col-md-0 gutters-col-0 gutters-col-v-lg-0 gutters-col-v-md-0 gutters-col-v-0\">\n          <!---->\n          <div class=\"h-column h-column-container d-flex h-col-lg-auto h-col-md-auto h-col-auto style-1225-outer style-local-2729-c4-outer\">\n            <div data-colibri-id=\"2729-c4\" class=\"d-flex h-flex-basis h-column__inner h-px-lg-0 h-px-md-0 h-px-0 v-inner-lg-0 v-inner-md-0 v-inner-0 style-1225 style-local-2729-c4 position-relative\">\n              <!---->\n              <!---->\n              <div class=\"w-100 h-y-container h-column__content h-column__v-align flex-basis-100 align-self-lg-start align-self-md-start align-self-start\">\n                <!---->\n                <div data-colibri-id=\"2729-c5\" class=\"h-global-transition-all h-heading style-1226 style-local-2729-c5 position-relative h-element\">\n                  <!---->\n                  <div class=\"h-heading__outer style-1226 style-local-2729-c5\">\n                    <!---->\n                    <!---->\n                    <h1 class=\"\">Job Board<\/h1>\n                  <\/div>\n                <\/div>\n                <div data-colibri-id=\"2729-c6\" class=\"style-1245 style-local-2729-c6 position-relative h-element\">\n                  <!---->\n                <\/div>\n              <\/div>\n            <\/div>\n          <\/div>\n        <\/div>\n      <\/div>\n      <div data-colibri-id=\"2729-c7\" class=\"h-row-container gutters-row-lg-0 gutters-row-md-0 gutters-row-0 gutters-row-v-lg-0 gutters-row-v-md-0 gutters-row-v-0 style-1227 style-local-2729-c7 position-relative\">\n        <!---->\n        <div class=\"h-row justify-content-lg-center justify-content-md-center justify-content-center align-items-lg-stretch align-items-md-stretch align-items-stretch gutters-col-lg-0 gutters-col-md-0 gutters-col-0 gutters-col-v-lg-0 gutters-col-v-md-0 gutters-col-v-0\">\n          <!---->\n          <div class=\"h-column h-column-container d-flex h-col-lg-auto h-col-md-auto h-col-auto style-1228-outer style-local-2729-c8-outer\">\n            <div data-colibri-id=\"2729-c8\" class=\"d-flex h-flex-basis h-column__inner h-px-lg-0 h-px-md-0 h-px-0 v-inner-lg-0 v-inner-md-0 v-inner-0 style-1228 style-local-2729-c8 position-relative\">\n              <!---->\n              <!---->\n              <div class=\"w-100 h-y-container h-column__content h-column__v-align flex-basis-100 align-self-lg-start align-self-md-start align-self-start\">\n                <!---->\n                <div data-colibri-id=\"2729-c9\" class=\"h-text h-text-component style-1229 style-local-2729-c9 position-relative h-element\">\n                  <!---->\n                  <!---->\n                  <div class=\"\">\n                    <p>Check our Job Board here<\/p>\n                    <p>Apply to each job by clicking the \"Apply\" button and filling out the form that will appear next.<\/p>\n                  <\/div>\n                <\/div>\n              <\/div>\n            <\/div>\n          <\/div>\n        <\/div>\n      <\/div>\n      <div data-colibri-id=\"2729-c10\" class=\"h-row-container gutters-row-lg-1 gutters-row-md-1 gutters-row-0 gutters-row-v-lg-1 gutters-row-v-md-1 gutters-row-v-1 style-1241 style-local-2729-c10 position-relative\">\n        <!---->\n        <div class=\"h-row justify-content-lg-center justify-content-md-center justify-content-center align-items-lg-stretch align-items-md-stretch align-items-stretch gutters-col-lg-1 gutters-col-md-1 gutters-col-0 gutters-col-v-lg-1 gutters-col-v-md-1 gutters-col-v-1\">\n          <!---->\n          <div class=\"h-column h-column-container d-flex h-col-lg-auto h-col-md-auto h-col-auto style-1242-outer style-local-2729-c11-outer\">\n            <div data-colibri-id=\"2729-c11\" class=\"d-flex h-flex-basis h-column__inner h-px-lg-0 h-px-md-0 h-px-0 v-inner-lg-0 v-inner-md-0 v-inner-0 style-1242 style-local-2729-c11 position-relative\">\n              <!---->\n              <!---->\n              <div class=\"w-100 h-y-container h-column__content h-column__v-align flex-basis-100 align-self-lg-start align-self-md-start align-self-start\">\n                <!---->\n                <div data-colibri-id=\"2729-c12\" class=\"h-divider style-1244 style-local-2729-c12 position-relative h-element\">\n                  <!----><span class=\"h-divider__line style-1244-line style-local-2729-c12-line style-1244-line style-local-2729-c12-line\"><\/span><\/div>\n              <\/div>\n            <\/div>\n          <\/div>\n        <\/div>\n      <\/div>\n      <div data-colibri-id=\"2729-c13\" class=\"h-row-container gutters-row-lg-2 gutters-row-md-2 gutters-row-0 gutters-row-v-lg-2 gutters-row-v-md-2 gutters-row-v-2 style-1222 style-local-2729-c13 position-relative\">\n        <!---->\n        <div class=\"h-row justify-content-lg-center justify-content-md-center justify-content-center align-items-lg-stretch align-items-md-stretch align-items-stretch gutters-col-lg-2 gutters-col-md-2 gutters-col-0 gutters-col-v-lg-2 gutters-col-v-md-2 gutters-col-v-2\">\n          <!---->\n          <div class=\"h-column h-column-container d-flex h-col-lg-auto h-col-md-auto h-col-auto style-1230-outer style-local-2729-c14-outer\">\n            <div data-colibri-id=\"2729-c14\" class=\"d-flex h-flex-basis h-column__inner h-ui-empty-state-container h-px-lg-2 h-px-md-2 h-px-2 v-inner-lg-2 v-inner-md-2 v-inner-2 style-1230 style-local-2729-c14 position-relative\">\n              <!---->\n              <!---->\n              <div class=\"w-100 h-y-container h-column__content h-column__v-align flex-basis-100\">\n                <!---->\n              <\/div>\n            <\/div>\n          <\/div>\n          <div class=\"h-column h-column-container d-flex h-col-lg-auto h-col-md-auto h-col-auto style-1231-outer style-local-2729-c19-outer\">\n            <div data-colibri-id=\"2729-c19\" class=\"d-flex h-flex-basis h-column__inner h-ui-empty-state-container h-px-lg-2 h-px-md-2 h-px-2 v-inner-lg-2 v-inner-md-2 v-inner-2 style-1231 style-local-2729-c19 position-relative\">\n              <!---->\n              <!---->\n              <div class=\"w-100 h-y-container h-column__content h-column__v-align flex-basis-100\">\n                <!---->\n              <\/div>\n            <\/div>\n          <\/div>\n          <div class=\"h-column h-column-container d-flex h-col-lg-auto h-col-md-auto h-col-auto style-1232-outer style-local-2729-c20-outer\">\n            <div data-colibri-id=\"2729-c20\" class=\"d-flex h-flex-basis h-column__inner h-px-lg-2 h-px-md-2 h-px-2 v-inner-lg-2 v-inner-md-2 v-inner-2 style-1232 style-local-2729-c20 position-relative\">\n              <!---->\n              <!---->\n              <div class=\"w-100 h-y-container h-column__content h-column__v-align flex-basis-100 align-self-lg-start align-self-md-start align-self-start\">\n                <!---->\n                <div data-colibri-id=\"2729-c15\" class=\"d-block style-1247 style-local-2729-c15 position-relative h-element\">\n                  <!---->\n                  <div class=\"h-image__frame-container-outer\">\n                    <div class=\"h-image__frame-container\">\n                      <!---->\n                      <!---->\n                      <img loading=\"lazy\" decoding=\"async\" width=\"874\" height=\"1240\" src=\"http:\/\/www.hospimedicacr.com\/wp-content\/uploads\/2025\/03\/Anuncio-de-Empleo-No-Tenemos-Vacantes-1.jpg\" class=\"wp-image-3348 style-1247-image style-local-2729-c15-image\" alt=\"Anuncio de empleo no tenemos vacantes\" srcset=\"https:\/\/www.hospimedicacr.com\/wp-content\/uploads\/2025\/03\/Anuncio-de-Empleo-No-Tenemos-Vacantes-1.jpg 874w, https:\/\/www.hospimedicacr.com\/wp-content\/uploads\/2025\/03\/Anuncio-de-Empleo-No-Tenemos-Vacantes-1-211x300.jpg 211w, https:\/\/www.hospimedicacr.com\/wp-content\/uploads\/2025\/03\/Anuncio-de-Empleo-No-Tenemos-Vacantes-1-722x1024.jpg 722w, https:\/\/www.hospimedicacr.com\/wp-content\/uploads\/2025\/03\/Anuncio-de-Empleo-No-Tenemos-Vacantes-1-768x1090.jpg 768w, https:\/\/www.hospimedicacr.com\/wp-content\/uploads\/2025\/03\/Anuncio-de-Empleo-No-Tenemos-Vacantes-1-8x12.jpg 8w\" sizes=\"auto, (max-width: 874px) 100vw, 874px\" \/>\n                      <div class=\"h-image__frame h-hide-lg h-hide-md h-hide-sm style-1247-frameImage style-local-2729-c15-frameImage\"><\/div>\n                    <\/div>\n                  <\/div>\n                <\/div>\n                <div data-colibri-id=\"2729-c16\" class=\"h-global-transition-all h-heading style-1248 style-local-2729-c16 position-relative h-element\">\n                  <!---->\n                  <div class=\"h-heading__outer style-1248 style-local-2729-c16\">\n                    <!---->\n                    <!---->\n                    <h4 class=\"\">Env\u00ede su CV aqu\u00ed:<\/h4>\n                  <\/div>\n                <\/div>\n                <div data-colibri-id=\"2729-c17\" class=\"h-x-container style-1249 style-local-2729-c17 position-relative h-element\">\n                  <!---->\n                  <div class=\"h-x-container-inner style-dynamic-2729-c17-group style-1249-spacing style-local-2729-c17-spacing\"><span class=\"h-button__outer style-1250-outer style-local-2729-c18-outer d-inline-flex h-element\"><a h-use-smooth-scroll=\"true\" href=\"https:\/\/www.hospimedicacr.com\/en_us\/Formulario-de-empleo\/\"  data-colibri-id=\"2729-c18\" class=\"d-flex w-100 align-items-center h-button justify-content-lg-center justify-content-md-center justify-content-center style-1250 style-local-2729-c18 position-relative\"><!----><!----> <span>Send<\/span><\/a>\n                    <\/span>\n                  <\/div>\n                <\/div>\n              <\/div>\n            <\/div>\n          <\/div>\n          <div class=\"h-column h-column-container d-flex h-col-lg-auto h-col-md-auto h-col-auto style-1233-outer style-local-2729-c21-outer\">\n            <div data-colibri-id=\"2729-c21\" class=\"d-flex h-flex-basis h-column__inner h-ui-empty-state-container h-px-lg-2 h-px-md-2 h-px-2 v-inner-lg-2 v-inner-md-2 v-inner-2 style-1233 style-local-2729-c21 position-relative\">\n              <!---->\n              <!---->\n              <div class=\"w-100 h-y-container h-column__content h-column__v-align flex-basis-100\">\n                <!---->\n              <\/div>\n            <\/div>\n          <\/div>\n          <div class=\"h-column h-column-container d-flex h-col-lg-auto h-col-md-auto h-col-auto style-1260-outer style-local-2729-c26-outer\">\n            <div data-colibri-id=\"2729-c26\" class=\"d-flex h-flex-basis h-column__inner h-ui-empty-state-container h-px-lg-2 h-px-md-2 h-px-2 v-inner-lg-2 v-inner-md-2 v-inner-2 style-1260 style-local-2729-c26 position-relative\">\n              <!---->\n              <!---->\n              <div class=\"w-100 h-y-container h-column__content h-column__v-align flex-basis-100\">\n                <!---->\n              <\/div>\n            <\/div>\n          <\/div>\n        <\/div>\n      <\/div>\n      <div data-colibri-id=\"2729-c22\" class=\"h-row-container gutters-row-lg-2 gutters-row-md-2 gutters-row-0 gutters-row-v-lg-2 gutters-row-v-md-2 gutters-row-v-2 style-1238 style-local-2729-c22 position-relative\">\n        <!---->\n        <div class=\"h-row justify-content-lg-center justify-content-md-center justify-content-center align-items-lg-stretch align-items-md-stretch align-items-stretch gutters-col-lg-2 gutters-col-md-2 gutters-col-0 gutters-col-v-lg-2 gutters-col-v-md-2 gutters-col-v-2\">\n          <!---->\n          <div class=\"h-column h-column-container d-flex h-col-lg-auto h-col-md-auto h-col-auto style-1239-outer style-local-2729-c23-outer\">\n            <div data-colibri-id=\"2729-c23\" class=\"d-flex h-flex-basis h-column__inner h-ui-empty-state-container h-px-lg-2 h-px-md-2 h-px-2 v-inner-lg-2 v-inner-md-2 v-inner-2 style-1239 style-local-2729-c23 position-relative\">\n              <!---->\n              <!---->\n              <div class=\"w-100 h-y-container h-column__content h-column__v-align flex-basis-100\">\n                <!---->\n              <\/div>\n            <\/div>\n          <\/div>\n        <\/div>\n      <\/div>\n    <\/div>\n  <\/div>\n<\/div>","protected":false},"excerpt":{"rendered":"<p>Bolsa de Empleo Consulte nuestra bolsa de empleo aqu\u00ed. Aplique a cada empleo en el bot\u00f3n de \u00abaplicar\u00bb y completando el formulario a continuaci\u00f3n. Env\u00ede su CV aqu\u00ed: Enviar<\/p>","protected":false},"author":1,"featured_media":0,"parent":0,"menu_order":0,"comment_status":"closed","ping_status":"closed","template":"page-templates\/full-width-page.php","meta":{"slim_seo":{"title":"Trabaje con Nosotros - Hospimedica Costa Rica","description":"Bolsa de Empleo Consulte nuestra bolsa de empleo aqu\u00ed. Aplique a cada empleo en el bot\u00f3n de \"aplicar\" y completando el formulario a continuaci\u00f3n. Env\u00ede su CV aq"},"footnotes":""},"class_list":["post-2729","page","type-page","status-publish","hentry"],"_links":{"self":[{"href":"https:\/\/www.hospimedicacr.com\/en_us\/wp-json\/wp\/v2\/pages\/2729","targetHints":{"allow":["GET"]}}],"collection":[{"href":"https:\/\/www.hospimedicacr.com\/en_us\/wp-json\/wp\/v2\/pages"}],"about":[{"href":"https:\/\/www.hospimedicacr.com\/en_us\/wp-json\/wp\/v2\/types\/page"}],"author":[{"embeddable":true,"href":"https:\/\/www.hospimedicacr.com\/en_us\/wp-json\/wp\/v2\/users\/1"}],"replies":[{"embeddable":true,"href":"https:\/\/www.hospimedicacr.com\/en_us\/wp-json\/wp\/v2\/comments?post=2729"}],"version-history":[{"count":18,"href":"https:\/\/www.hospimedicacr.com\/en_us\/wp-json\/wp\/v2\/pages\/2729\/revisions"}],"predecessor-version":[{"id":3351,"href":"https:\/\/www.hospimedicacr.com\/en_us\/wp-json\/wp\/v2\/pages\/2729\/revisions\/3351"}],"wp:attachment":[{"href":"https:\/\/www.hospimedicacr.com\/en_us\/wp-json\/wp\/v2\/media?parent=2729"}],"curies":[{"name":"wp","href":"https:\/\/api.w.org\/{rel}","templated":true}]}}