{"id":2,"date":"2022-05-27T14:19:56","date_gmt":"2022-05-27T14:19:56","guid":{"rendered":"http:\/\/www.hospimedicacr.com\/?page_id=2"},"modified":"2025-02-18T10:42:11","modified_gmt":"2025-02-18T16:42:11","slug":"cotizacion","status":"publish","type":"page","link":"https:\/\/www.hospimedicacr.com\/en_us\/cotizacion\/","title":{"rendered":"cotizacion"},"content":{"rendered":"<div data-colibri-id=\"2-c1\" class=\"style-511 style-local-2-c1 position-relative\">\n  <!---->\n  <div data-colibri-component=\"section\" data-colibri-id=\"2-c2\" id=\"custom\" class=\"h-section h-section-global-spacing d-flex align-items-lg-center align-items-md-center align-items-center style-672 style-local-2-c2 position-relative\">\n    <!---->\n    <!---->\n    <div class=\"h-section-grid-container h-section-boxed-container\">\n      <!---->\n      <div data-colibri-id=\"2-c3\" class=\"h-row-container gutters-row-lg-2 gutters-row-md-2 gutters-row-0 gutters-row-v-lg-2 gutters-row-v-md-2 gutters-row-v-2 style-673 style-local-2-c3 position-relative\">\n        <!---->\n        <div class=\"h-row justify-content-lg-center justify-content-md-center justify-content-center align-items-lg-stretch align-items-md-stretch align-items-stretch gutters-col-lg-2 gutters-col-md-2 gutters-col-0 gutters-col-v-lg-2 gutters-col-v-md-2 gutters-col-v-2\">\n          <!---->\n          <div class=\"h-column h-column-container d-flex h-col-lg-auto h-col-md-auto h-col-auto style-674-outer style-local-2-c4-outer\">\n            <div data-colibri-id=\"2-c4\" class=\"d-flex h-flex-basis h-column__inner h-px-lg-2 h-px-md-2 h-px-2 v-inner-lg-2 v-inner-md-2 v-inner-2 style-674 style-local-2-c4 position-relative\">\n              <!---->\n              <!---->\n              <div class=\"w-100 h-y-container h-column__content h-column__v-align flex-basis-100 align-self-lg-start align-self-md-start align-self-start\">\n                <!---->\n                <div data-colibri-id=\"2-c5\" class=\"h-global-transition-all h-heading style-675 style-local-2-c5 position-relative h-element\">\n                  <!---->\n                  <div class=\"h-heading__outer style-675 style-local-2-c5\">\n                    <!---->\n                    <!---->\n                    <h1 class=\"\">\u00bfRequiere una Cotizaci\u00f3n?<\/h1>\n                  <\/div>\n                <\/div>\n              <\/div>\n            <\/div>\n          <\/div>\n        <\/div>\n      <\/div>\n      <div data-colibri-id=\"2-c6\" class=\"h-row-container gutters-row-lg-2 gutters-row-md-2 gutters-row-0 gutters-row-v-lg-2 gutters-row-v-md-2 gutters-row-v-2 style-683 style-local-2-c6 position-relative\">\n        <!---->\n        <div class=\"h-row justify-content-lg-center justify-content-md-center justify-content-center align-items-lg-stretch align-items-md-stretch align-items-stretch gutters-col-lg-2 gutters-col-md-2 gutters-col-0 gutters-col-v-lg-2 gutters-col-v-md-2 gutters-col-v-2\">\n          <!---->\n          <div class=\"h-column h-column-container d-flex h-col-lg-auto h-col-md-auto h-col-auto style-684-outer style-local-2-c7-outer\">\n            <div data-colibri-id=\"2-c7\" class=\"d-flex h-flex-basis h-column__inner h-px-lg-2 h-px-md-2 h-px-2 v-inner-lg-2 v-inner-md-2 v-inner-2 style-684 style-local-2-c7 position-relative\">\n              <!---->\n              <!---->\n              <div class=\"w-100 h-y-container h-column__content h-column__v-align flex-basis-100 align-self-lg-start align-self-md-start align-self-start\">\n                <!---->\n                <div data-colibri-id=\"2-c8\" class=\"h-global-transition-all h-heading style-685 style-local-2-c8 position-relative h-element\">\n                  <!---->\n                  <div class=\"h-heading__outer style-685 style-local-2-c8\">\n                    <!---->\n                    <!---->\n                    <h3 class=\"\">Por favor escr\u00edbanos a:<\/h3>\n                  <\/div>\n                <\/div>\n              <\/div>\n            <\/div>\n          <\/div>\n        <\/div>\n      <\/div>\n    <\/div>\n  <\/div>\n  <div data-colibri-component=\"section\" data-colibri-id=\"2-c9\" id=\"custom-2\" class=\"h-section h-section-global-spacing d-flex align-items-lg-center align-items-md-center align-items-center style-686 style-local-2-c9 position-relative\">\n    <!---->\n    <!---->\n    <div class=\"h-section-grid-container h-section-boxed-container\">\n      <!---->\n      <div data-colibri-id=\"2-c10\" class=\"h-row-container gutters-row-lg-2 gutters-row-md-2 gutters-row-0 gutters-row-v-lg-2 gutters-row-v-md-2 gutters-row-v-2 style-687 style-local-2-c10 position-relative\">\n        <!---->\n        <div class=\"h-row justify-content-lg-center justify-content-md-center justify-content-center align-items-lg-stretch align-items-md-stretch align-items-stretch gutters-col-lg-2 gutters-col-md-2 gutters-col-0 gutters-col-v-lg-2 gutters-col-v-md-2 gutters-col-v-2\">\n          <!---->\n          <div class=\"h-column h-column-container d-flex h-col-lg-auto h-col-md-auto h-col-auto style-688-outer style-local-2-c11-outer\">\n            <div data-colibri-id=\"2-c11\" class=\"d-flex h-flex-basis h-column__inner h-px-lg-2 h-px-md-2 h-px-2 v-inner-lg-2 v-inner-md-2 v-inner-2 style-688 style-local-2-c11 position-relative\">\n              <!---->\n              <!---->\n              <div class=\"w-100 h-y-container h-column__content h-column__v-align flex-basis-100 align-self-lg-start align-self-md-start align-self-start\">\n                <!---->\n                <div data-colibri-id=\"2-c12\" class=\"position-relative h-element\">\n                  <!---->\n                  <div class=\"h-global-transition-all h-global-transition h-global-transition-all h-contact-form-shortcode--no-style\"><div class=\"everest-forms\"><div class=\"evf-container default\" id=\"evf-3069\"><form id=\"evf-form-3069\" class=\"everest-form\" data-formid=\"3069\" data-ajax_submission=\"0\" data-keyboard_friendly_form=\"0\" data-form_state_type=\"\" method=\"post\" enctype=\"multipart\/form-data\" action=\"\/en_us\/wp-json\/wp\/v2\/pages\/2\"><div class=\"evf-field-container\"><input type=\"hidden\" id=\"_wpnonce3069\" name=\"_wpnonce3069\" value=\"21953bda8f\" \/><input type=\"hidden\" name=\"_wp_http_referer\" value=\"\/en_us\/wp-json\/wp\/v2\/pages\/2\" \/><div class=\"evf-frontend-row\" data-row=\"row_1\" conditional_rules=\"[]\"><div class=\"evf-frontend-grid evf-grid-2\" data-grid=\"grid_1\"><div id=\"evf-3069-field_ZtfUOJAl69-1-container\" class=\"evf-field evf-field-first-name form-row validate-required\" data-required-field-message=\"Este campo es obligatorio.\" data-field-id=\"ZtfUOJAl69-1\"><label class=\"evf-field-label\" for=\"evf-3069-field_ZtfUOJAl69-1\"><span class=\"evf-label\">Nombre<\/span> <abbr class=\"required\" title=\"Required\">*<\/abbr><\/label><input type=\"text\" id=\"evf-3069-field_ZtfUOJAl69-1\" class=\"input-text\" name=\"everest_forms[form_fields][ZtfUOJAl69-1]\" required><\/div><div id=\"evf-3069-field_9O0dpYixwc-2-container\" class=\"evf-field evf-field-last-name form-row validate-required\" data-required-field-message=\"Este campo es obligatorio.\" data-field-id=\"9O0dpYixwc-2\"><label class=\"evf-field-label\" for=\"evf-3069-field_9O0dpYixwc-2\"><span class=\"evf-label\">Apellidos<\/span> <abbr class=\"required\" title=\"Required\">*<\/abbr><\/label><input type=\"text\" id=\"evf-3069-field_9O0dpYixwc-2\" class=\"input-text\" name=\"everest_forms[form_fields][9O0dpYixwc-2]\" required><\/div><div id=\"evf-3069-field_h83V81LidP-5-container\" class=\"evf-field evf-field-textarea form-row validate-required\" data-required-field-message=\"Este campo es obligatorio.\" data-field-id=\"h83V81LidP-5\"><label class=\"evf-field-label\" for=\"evf-3069-field_h83V81LidP-5\"><span class=\"evf-label\">Consulta o Comentario<\/span> <abbr class=\"required\" title=\"Required\">*<\/abbr><\/label><textarea id=\"evf-3069-field_h83V81LidP-5\" class=\"input-text\" name=\"everest_forms[form_fields][h83V81LidP-5]\" required ><\/textarea><\/div><\/div><div class=\"evf-frontend-grid evf-grid-2\" data-grid=\"grid_2\"><div id=\"evf-3069-field_7ffHU7vkM6-3-container\" class=\"evf-field evf-field-email form-row validate-required validate-email\" data-required-field-message=\"Por favor, introduce una direcci\u00f3n de correo electr\u00f3nico v\u00e1lida.\" data-field-id=\"7ffHU7vkM6-3\"><label class=\"evf-field-label\" for=\"evf-3069-field_7ffHU7vkM6-3\"><span class=\"evf-label\">Correo electr\u00f3nico<\/span> <abbr class=\"required\" title=\"Required\">*<\/abbr><\/label><input type=\"email\" id=\"evf-3069-field_7ffHU7vkM6-3\" class=\"input-text\" name=\"everest_forms[form_fields][7ffHU7vkM6-3]\" required ><\/div><div id=\"evf-3069-field_e9DlLkDhwB-4-container\" class=\"evf-field evf-field-number form-row validate-required\" data-required-field-message=\"Por favor, introduce un n\u00famero v\u00e1lido.\" data-field-id=\"e9DlLkDhwB-4\"><label class=\"evf-field-label\" for=\"evf-3069-field_e9DlLkDhwB-4\"><span class=\"evf-label\">N\u00famero<\/span> <abbr class=\"required\" title=\"Required\">*<\/abbr><\/label><input type=\"number\" id=\"evf-3069-field_e9DlLkDhwB-4\" class=\"input-text\" name=\"everest_forms[form_fields][e9DlLkDhwB-4]\" required\/><\/div><div id=\"evf-3069-field_4YIgS7PP4W-6-container\" class=\"evf-field evf-field-url form-row\" data-field-id=\"4YIgS7PP4W-6\"><label class=\"evf-field-label\" for=\"evf-3069-field_4YIgS7PP4W-6\"><span class=\"evf-label\">Web \/ URL<\/span> <\/label><input type=\"url\" id=\"evf-3069-field_4YIgS7PP4W-6\" class=\"input-text\" name=\"everest_forms[form_fields][4YIgS7PP4W-6]\"  ><\/div><div id=\"evf-3069-field_mYDs06UBYo-7-container\" class=\"evf-field evf-field-turnstile form-row\" data-field-id=\"mYDs06UBYo-7\"><label class=\"evf-field-label\" for=\"evf-3069-field_mYDs06UBYo-7\"><span class=\"evf-label\">Turnstile<\/span> <\/label><div class=\"evf-recaptcha-container\" style=\"display:block\"><div class=\"g-recaptcha\" data-sitekey=\"0x4AAAAAAA9UUcwVlJx77eOn\"><\/div><input type=\"text\" name=\"g-recaptcha-hidden\" class=\"evf-recaptcha-hidden\" style=\"position:absolute!important;clip:rect(0,0,0,0)!important;height:1px!important;width:1px!important;border:0!important;overflow:hidden!important;padding:0!important;margin:0!important;\" required><\/div><\/div><\/div><\/div><\/div><div class=\"evf-honeypot-container evf-field-hp\"><label for=\"evf-3069-field-hp\" class=\"evf-field-label\">Email<\/label><input type=\"text\" name=\"everest_forms[hp]\" id=\"evf-3069-field-hp\" class=\"input-text\"><\/div><div class=\"evf-submit-container \" ><input type=\"hidden\" name=\"everest_forms[id]\" value=\"3069\"><input type=\"hidden\" name=\"everest_forms[author]\" value=\"1\"><button type='submit' name='everest_forms[submit]' class='everest-forms-submit-button button evf-submit ' id='evf-submit-3069' value='evf-submit' data-process-text=\"Procesando...\" conditional_rules='&quot;&quot;' conditional_id='evf-submit-3069'  id=\"evf-submit-3069\" aria-live=\"assertive\">Enviar<\/button><\/div><\/form><\/div><!-- .evf-container --><\/div><\/div>\n                <\/div>\n              <\/div>\n            <\/div>\n          <\/div>\n        <\/div>\n      <\/div>\n    <\/div>\n  <\/div>\n  <div data-colibri-component=\"section\" data-colibri-id=\"2-c13\" id=\"custom-3\" class=\"h-section h-section-global-spacing d-flex align-items-lg-center align-items-md-center align-items-center style-1050 style-local-2-c13 position-relative\">\n    <!---->\n    <!---->\n    <div class=\"h-section-grid-container h-section-boxed-container\">\n      <!---->\n      <div data-colibri-id=\"2-c14\" class=\"h-row-container gutters-row-lg-2 gutters-row-md-2 gutters-row-0 gutters-row-v-lg-2 gutters-row-v-md-2 gutters-row-v-2 style-1051 style-local-2-c14 position-relative\">\n        <!---->\n        <div class=\"h-row justify-content-lg-center justify-content-md-center justify-content-center align-items-lg-stretch align-items-md-stretch align-items-stretch gutters-col-lg-2 gutters-col-md-2 gutters-col-0 gutters-col-v-lg-2 gutters-col-v-md-2 gutters-col-v-2\">\n          <!---->\n          <div class=\"h-column h-column-container d-flex h-col-lg-auto h-col-md-auto h-col-auto style-1052-outer style-local-2-c15-outer\">\n            <div data-colibri-id=\"2-c15\" class=\"d-flex h-flex-basis h-column__inner h-px-lg-2 h-px-md-2 h-px-2 v-inner-lg-2 v-inner-md-2 v-inner-2 style-1052 style-local-2-c15 position-relative\">\n              <!---->\n              <!---->\n              <div class=\"w-100 h-y-container h-column__content h-column__v-align flex-basis-100 align-self-lg-start align-self-md-start align-self-start\">\n                <!---->\n                <div data-colibri-id=\"2-c16\" class=\"h-global-transition-all h-heading style-1053 style-local-2-c16 position-relative h-element\">\n                  <!---->\n                  <div class=\"h-heading__outer style-1053 style-local-2-c16\">\n                    <!---->\n                    <!---->\n                    <h4 class=\"\">San Francisco de Dos R\u00edos, San Jos\u00e9, Costa Rica, 10106\n                      <br>Tel\u00e9fono: (506) 2219-9434\n                      <br>Email: ventas@hospimedicacr.com<\/h4>\n                  <\/div>\n                <\/div>\n              <\/div>\n            <\/div>\n          <\/div>\n        <\/div>\n      <\/div>\n      <div data-colibri-id=\"2-c17\" class=\"h-row-container gutters-row-lg-2 gutters-row-md-2 gutters-row-0 gutters-row-v-lg-2 gutters-row-v-md-2 gutters-row-v-2 style-1054 style-local-2-c17 position-relative\">\n        <!---->\n        <div class=\"h-row justify-content-lg-center justify-content-md-center justify-content-center align-items-lg-stretch align-items-md-stretch align-items-stretch gutters-col-lg-2 gutters-col-md-2 gutters-col-0 gutters-col-v-lg-2 gutters-col-v-md-2 gutters-col-v-2\">\n          <!---->\n          <div class=\"h-column h-column-container d-flex h-col-lg-auto h-col-md-auto h-col-auto style-1055-outer style-local-2-c18-outer\">\n            <div data-colibri-id=\"2-c18\" class=\"d-flex h-flex-basis h-column__inner h-px-lg-2 h-px-md-2 h-px-2 v-inner-lg-2 v-inner-md-2 v-inner-2 style-1055 style-local-2-c18 position-relative\">\n              <!---->\n              <!---->\n              <div class=\"w-100 h-y-container h-column__content h-column__v-align flex-basis-100 align-self-lg-start align-self-md-start align-self-start\">\n                <!---->\n                <div data-colibri-id=\"2-c19\" class=\"h-text h-text-component style-1056 style-local-2-c19 position-relative h-element\">\n                  <!---->\n                  <!---->\n                  <div class=\"\">\n                    <p>\u00a9 2018 \u2013 2025, HOSPIM\u00c9DICA S.A.<\/p>\n                    <p>DERECHOS RESERVADOS<\/p>\n                  <\/div>\n                <\/div>\n              <\/div>\n            <\/div>\n          <\/div>\n        <\/div>\n      <\/div>\n    <\/div>\n  <\/div>\n<\/div>","protected":false},"excerpt":{"rendered":"<p>\u00bfRequiere una Cotizaci\u00f3n? Por favor escr\u00edbanos a: San Francisco de Dos R\u00edos, San Jos\u00e9, Costa Rica, 10106 Tel\u00e9fono: (506) 2219-9434 Email: ventas@hospimedicacr.com \u00a9 2018 \u2013 2025, HOSPIM\u00c9DICA S.A. DERECHOS RESERVADOS<\/p>","protected":false},"author":1,"featured_media":0,"parent":0,"menu_order":0,"comment_status":"closed","ping_status":"closed","template":"page-templates\/full-width-page.php","meta":{"slim_seo":{"title":"cotizacion - Hospimedica Costa Rica","description":"\u00bfRequiere una Cotizaci\u00f3n? Por favor escr\u00edbanos a: Nombre * Apellidos * Consulta o Comentario * Correo electr\u00f3nico * N\u00famero * Web \/ URL Turnstile Phone Enviar Sa"},"footnotes":""},"class_list":["post-2","page","type-page","status-publish","hentry"],"_links":{"self":[{"href":"https:\/\/www.hospimedicacr.com\/en_us\/wp-json\/wp\/v2\/pages\/2","targetHints":{"allow":["GET"]}}],"collection":[{"href":"https:\/\/www.hospimedicacr.com\/en_us\/wp-json\/wp\/v2\/pages"}],"about":[{"href":"https:\/\/www.hospimedicacr.com\/en_us\/wp-json\/wp\/v2\/types\/page"}],"author":[{"embeddable":true,"href":"https:\/\/www.hospimedicacr.com\/en_us\/wp-json\/wp\/v2\/users\/1"}],"replies":[{"embeddable":true,"href":"https:\/\/www.hospimedicacr.com\/en_us\/wp-json\/wp\/v2\/comments?post=2"}],"version-history":[{"count":14,"href":"https:\/\/www.hospimedicacr.com\/en_us\/wp-json\/wp\/v2\/pages\/2\/revisions"}],"predecessor-version":[{"id":3080,"href":"https:\/\/www.hospimedicacr.com\/en_us\/wp-json\/wp\/v2\/pages\/2\/revisions\/3080"}],"wp:attachment":[{"href":"https:\/\/www.hospimedicacr.com\/en_us\/wp-json\/wp\/v2\/media?parent=2"}],"curies":[{"name":"wp","href":"https:\/\/api.w.org\/{rel}","templated":true}]}}